{"id":358,"date":"2021-10-18T15:59:55","date_gmt":"2021-10-19T11:06:25","guid":{"rendered":"https:\/\/heeren17.nl\/reunie\/"},"modified":"2025-04-10T19:10:03","modified_gmt":"2025-04-10T18:10:03","slug":"reunie","status":"publish","type":"page","link":"https:\/\/heeren17.nl\/en\/vereniging\/commissies\/reunie\/","title":{"rendered":"Reunion"},"content":{"rendered":"<div data-elementor-type=\"wp-page\" data-elementor-id=\"358\" class=\"elementor elementor-358\" data-elementor-post-type=\"page\">\n\t\t\t\t\t\t<section class=\"elementor-section elementor-top-section elementor-element elementor-element-5f356dd elementor-section-boxed elementor-section-height-default elementor-section-height-default\" data-id=\"5f356dd\" data-element_type=\"section\" data-e-type=\"section\">\n\t\t\t\t\t\t<div class=\"elementor-container elementor-column-gap-default\">\n\t\t\t\t\t<div class=\"elementor-column elementor-col-50 elementor-top-column elementor-element elementor-element-992733f\" data-id=\"992733f\" data-element_type=\"column\" data-e-type=\"column\">\n\t\t\t<div class=\"elementor-widget-wrap elementor-element-populated\">\n\t\t\t\t\t\t<div class=\"elementor-element elementor-element-e784da5 elementor-widget elementor-widget-image\" data-id=\"e784da5\" data-element_type=\"widget\" data-e-type=\"widget\" data-widget_type=\"image.default\">\n\t\t\t\t<div class=\"elementor-widget-container\">\n\t\t\t\t\t\t\t\t\t\t\t\t\t\t\t<img fetchpriority=\"high\" decoding=\"async\" width=\"800\" height=\"533\" src=\"https:\/\/heeren17.nl\/wp-content\/uploads\/2025\/04\/Reunie-1920x1280.jpg\" class=\"attachment-large size-large wp-image-4671\" alt=\"\" srcset=\"https:\/\/heeren17.nl\/wp-content\/uploads\/2025\/04\/Reunie-1920x1280.jpg 1920w, https:\/\/heeren17.nl\/wp-content\/uploads\/2025\/04\/Reunie-300x200.jpg 300w, https:\/\/heeren17.nl\/wp-content\/uploads\/2025\/04\/Reunie-768x512.jpg 768w, https:\/\/heeren17.nl\/wp-content\/uploads\/2025\/04\/Reunie-1536x1024.jpg 1536w, https:\/\/heeren17.nl\/wp-content\/uploads\/2025\/04\/Reunie-18x12.jpg 18w, https:\/\/heeren17.nl\/wp-content\/uploads\/2025\/04\/Reunie.jpg 2000w\" sizes=\"(max-width: 800px) 100vw, 800px\" \/>\t\t\t\t\t\t\t\t\t\t\t\t\t\t\t<\/div>\n\t\t\t\t<\/div>\n\t\t\t\t<div class=\"elementor-element elementor-element-7d89b40 elementor-widget elementor-widget-text-editor\" data-id=\"7d89b40\" data-element_type=\"widget\" data-e-type=\"widget\" data-widget_type=\"text-editor.default\">\n\t\t\t\t<div class=\"elementor-widget-container\">\n\t\t\t\t\t\t\t\t\t<p>V.l.n.r. Josine Breteler, Cars van Rooy, Derk Mollema en Jacob Clevering<\/p><p>Current committee members:<\/p><ul><li>Josine Breteler<\/li><li>Cars van Rooy<\/li><li>Derk Mollema<\/li><li>Jacob Clevering<\/li><\/ul>\t\t\t\t\t\t\t\t<\/div>\n\t\t\t\t<\/div>\n\t\t\t\t\t<\/div>\n\t\t<\/div>\n\t\t\t\t<div class=\"elementor-column elementor-col-50 elementor-top-column elementor-element elementor-element-167877a\" data-id=\"167877a\" data-element_type=\"column\" data-e-type=\"column\">\n\t\t\t<div class=\"elementor-widget-wrap elementor-element-populated\">\n\t\t\t\t\t\t<div class=\"elementor-element elementor-element-02ce436 elementor-widget elementor-widget-text-editor\" data-id=\"02ce436\" data-element_type=\"widget\" data-e-type=\"widget\" data-widget_type=\"text-editor.default\">\n\t\t\t\t<div class=\"elementor-widget-container\">\n\t\t\t\t\t\t\t\t\t<p>We are the Reunion Committee and once every 5 years we organize the reunion for all members and former members of Heeren XVII! The study has changed its name and content several times, but Heeren XVII has always remained. Heeren XVII is now 55 years old, which also means that people have been graduating all this time. These people have fanned out over a variety of functions and roles at home and abroad. During the reunion, everyone will return to the place where their studies ended and their adult lives began. The reunion takes place during the lustrum and consists of a number of interesting presentations by members and former members. But most of all, it is just a nice get-together with all your fellow students from your study years. We hope to see you all on 5 June 2020! Further information will follow, by mail and\/or e-mail.<\/p>\t\t\t\t\t\t\t\t<\/div>\n\t\t\t\t<\/div>\n\t\t\t\t\t<\/div>\n\t\t<\/div>\n\t\t\t\t\t<\/div>\n\t\t<\/section>\n\t\t\t\t<\/div>","protected":false},"excerpt":{"rendered":"<p>V.l.n.r. Josine Breteler, Cars van Rooy, Derk Mollema en Jacob Clevering Huidige leden: Josine Breteler Cars van Rooy Derk Mollema Jacob Clevering Wij zijn de Re\u00fcniecommissie en wij organiseren \u00e9\u00e9n keer in de 5 jaar de re\u00fcnie voor alle leden en oud-leden van Heeren XVII! De studie is verschillende keren van naam en inhoud veranderd, [&hellip;]<\/p>\n","protected":false},"author":1,"featured_media":4671,"parent":170,"menu_order":17,"comment_status":"closed","ping_status":"closed","template":"","meta":{"_monsterinsights_skip_tracking":false,"_monsterinsights_sitenote_active":false,"_monsterinsights_sitenote_note":"","_monsterinsights_sitenote_category":0,"footnotes":""},"class_list":["post-358","page","type-page","status-publish","has-post-thumbnail","hentry"],"aioseo_notices":[],"_links":{"self":[{"href":"https:\/\/heeren17.nl\/en\/wp-json\/wp\/v2\/pages\/358","targetHints":{"allow":["GET"]}}],"collection":[{"href":"https:\/\/heeren17.nl\/en\/wp-json\/wp\/v2\/pages"}],"about":[{"href":"https:\/\/heeren17.nl\/en\/wp-json\/wp\/v2\/types\/page"}],"author":[{"embeddable":true,"href":"https:\/\/heeren17.nl\/en\/wp-json\/wp\/v2\/users\/1"}],"replies":[{"embeddable":true,"href":"https:\/\/heeren17.nl\/en\/wp-json\/wp\/v2\/comments?post=358"}],"version-history":[{"count":11,"href":"https:\/\/heeren17.nl\/en\/wp-json\/wp\/v2\/pages\/358\/revisions"}],"predecessor-version":[{"id":4760,"href":"https:\/\/heeren17.nl\/en\/wp-json\/wp\/v2\/pages\/358\/revisions\/4760"}],"up":[{"embeddable":true,"href":"https:\/\/heeren17.nl\/en\/wp-json\/wp\/v2\/pages\/170"}],"wp:featuredmedia":[{"embeddable":true,"href":"https:\/\/heeren17.nl\/en\/wp-json\/wp\/v2\/media\/4671"}],"wp:attachment":[{"href":"https:\/\/heeren17.nl\/en\/wp-json\/wp\/v2\/media?parent=358"}],"curies":[{"name":"wp","href":"https:\/\/api.w.org\/{rel}","templated":true}]}}