{"id":340,"date":"2021-10-19T12:06:22","date_gmt":"2021-10-19T11:06:24","guid":{"rendered":"https:\/\/heeren17.nl\/okc\/"},"modified":"2026-03-25T16:59:57","modified_gmt":"2026-03-25T15:59:57","slug":"okc","status":"publish","type":"page","link":"https:\/\/heeren17.nl\/en\/vereniging\/commissies\/okc\/","title":{"rendered":"OKC"},"content":{"rendered":"<div data-elementor-type=\"wp-page\" data-elementor-id=\"340\" class=\"elementor elementor-340\" data-elementor-post-type=\"page\">\n\t\t\t\t\t\t<section class=\"elementor-section elementor-top-section elementor-element elementor-element-f11869c elementor-section-boxed elementor-section-height-default elementor-section-height-default\" data-id=\"f11869c\" data-element_type=\"section\" data-e-type=\"section\">\n\t\t\t\t\t\t<div class=\"elementor-container elementor-column-gap-default\">\n\t\t\t\t\t<div class=\"elementor-column elementor-col-50 elementor-top-column elementor-element elementor-element-f4139d7\" data-id=\"f4139d7\" data-element_type=\"column\" data-e-type=\"column\">\n\t\t\t<div class=\"elementor-widget-wrap elementor-element-populated\">\n\t\t\t\t\t\t<div class=\"elementor-element elementor-element-c1defb3 elementor-widget elementor-widget-image\" data-id=\"c1defb3\" data-element_type=\"widget\" data-e-type=\"widget\" data-widget_type=\"image.default\">\n\t\t\t\t<div class=\"elementor-widget-container\">\n\t\t\t\t\t\t\t\t\t\t\t\t\t\t\t<img fetchpriority=\"high\" decoding=\"async\" width=\"800\" height=\"533\" src=\"https:\/\/heeren17.nl\/wp-content\/uploads\/2026\/03\/DSC_0709-1920x1280.jpg\" class=\"attachment-large size-large wp-image-5177\" alt=\"\" srcset=\"https:\/\/heeren17.nl\/wp-content\/uploads\/2026\/03\/DSC_0709-1920x1280.jpg 1920w, https:\/\/heeren17.nl\/wp-content\/uploads\/2026\/03\/DSC_0709-300x200.jpg 300w, https:\/\/heeren17.nl\/wp-content\/uploads\/2026\/03\/DSC_0709-768x512.jpg 768w, https:\/\/heeren17.nl\/wp-content\/uploads\/2026\/03\/DSC_0709-1536x1024.jpg 1536w, https:\/\/heeren17.nl\/wp-content\/uploads\/2026\/03\/DSC_0709-18x12.jpg 18w, https:\/\/heeren17.nl\/wp-content\/uploads\/2026\/03\/DSC_0709.jpg 2000w\" sizes=\"(max-width: 800px) 100vw, 800px\" \/>\t\t\t\t\t\t\t\t\t\t\t\t\t\t\t<\/div>\n\t\t\t\t<\/div>\n\t\t\t\t<div class=\"elementor-element elementor-element-420e0a6 elementor-widget elementor-widget-text-editor\" data-id=\"420e0a6\" data-element_type=\"widget\" data-e-type=\"widget\" data-widget_type=\"text-editor.default\">\n\t\t\t\t<div class=\"elementor-widget-container\">\n\t\t\t\t\t\t\t\t\t<figure>\n<figcaption>V.l.n.r. Jenny Kok, Ralph Steijn, Dani\u00ebl Roelse en Jo\u00ebl van Vuuren.<\/figcaption>\n<\/figure>\n<p>Current committee members:<\/p>\n<ul>\n<li>Marijke Timmer<\/li>\n<li>Dani\u00ebl Roelse<\/li>\n<li>Ralph Steijn<\/li>\n<li>Jenny Kok<\/li>\n<li>Jo\u00ebl van Vuuren<\/li>\n<\/ul>\t\t\t\t\t\t\t\t<\/div>\n\t\t\t\t<\/div>\n\t\t\t\t\t<\/div>\n\t\t<\/div>\n\t\t\t\t<div class=\"elementor-column elementor-col-50 elementor-top-column elementor-element elementor-element-1cb97e3\" data-id=\"1cb97e3\" data-element_type=\"column\" data-e-type=\"column\">\n\t\t\t<div class=\"elementor-widget-wrap elementor-element-populated\">\n\t\t\t\t\t\t<div class=\"elementor-element elementor-element-3e45d03 elementor-widget elementor-widget-text-editor\" data-id=\"3e45d03\" data-element_type=\"widget\" data-e-type=\"widget\" data-widget_type=\"text-editor.default\">\n\t\t\t\t<div class=\"elementor-widget-container\">\n\t\t\t\t\t\t\t\t\t<p>The Education Quality Committee (OKC) is the committee within Heeren XVII that meets once a period and reviews all course evaluations. We do this in cooperation with the department representatives of Biobased Chemistry &amp; Technology (BCT) and Farm Technology (FTE). Our role within the committee is to get clear what students exactly mean with the provided feedback and where possible points of improvement lie. It is often the case that OKC members follow or have followed the courses that are discussed. If it turns out that certain parts of a course are not properly assessed, the department representatives can immediately take action. Each academic year is represented. This with a view to a good distribution from the study years and the best possible interpretation of the evaluation forms.<br \/><br \/>We enjoy our work, because often something is actually done with the feedback provided. You notice that subjects are improved and this is reflected in the course evaluations. The OKC is therefore not an unimportant committee for the bachelor Agrotechnology and the master Biosystems Engineering. In order to keep functioning well, it is important that everyone fills out the course evaluations. The more students fill out the subject evaluation, the more we can accomplish. Our program has grown in number of students, but we don't notice it as much in the number of completed evaluations yet, so please click on that email and fill out the evaluation.<br \/><br \/>Even if you were satisfied with your course, we would like to know that too. Of course you can always approach us and tell us all the good or bad things you noticed during a course. You can also contact the OKC at any time for problems during a course that need to be solved immediately. Also when you have feedback on a thesis or internship the OKC is there for you. For these cases you can contact the OKC members personally or send an e-mail to education.hxvii@wur.nl.<br \/><br \/>All (summarized) course evaluations are online at the course guide on the WageningenUR site. So you can see how a course was evaluated last time and use this in your course selection! The main results of our consultation are also presented in the Haitech.<br \/><br \/>Greetings from the OKC!<\/p>\t\t\t\t\t\t\t\t<\/div>\n\t\t\t\t<\/div>\n\t\t\t\t\t<\/div>\n\t\t<\/div>\n\t\t\t\t\t<\/div>\n\t\t<\/section>\n\t\t\t\t<section class=\"elementor-section elementor-top-section elementor-element elementor-element-5b50e6a elementor-section-boxed elementor-section-height-default elementor-section-height-default\" data-id=\"5b50e6a\" data-element_type=\"section\" data-e-type=\"section\">\n\t\t\t\t\t\t<div class=\"elementor-container elementor-column-gap-default\">\n\t\t\t\t\t<div class=\"elementor-column elementor-col-100 elementor-top-column elementor-element elementor-element-f461660\" data-id=\"f461660\" data-element_type=\"column\" data-e-type=\"column\">\n\t\t\t<div class=\"elementor-widget-wrap elementor-element-populated\">\n\t\t\t\t\t\t<div class=\"elementor-element elementor-element-5e4a1db elementor-widget elementor-widget-spacer\" data-id=\"5e4a1db\" data-element_type=\"widget\" data-e-type=\"widget\" data-widget_type=\"spacer.default\">\n\t\t\t\t<div class=\"elementor-widget-container\">\n\t\t\t\t\t\t\t<div class=\"elementor-spacer\">\n\t\t\t<div class=\"elementor-spacer-inner\"><\/div>\n\t\t<\/div>\n\t\t\t\t\t\t<\/div>\n\t\t\t\t<\/div>\n\t\t\t\t\t<\/div>\n\t\t<\/div>\n\t\t\t\t\t<\/div>\n\t\t<\/section>\n\t\t\t\t<\/div>","protected":false},"excerpt":{"rendered":"<p>V.l.n.r. Jenny Kok, Ralph Steijn, Dani\u00ebl Roelse en Jo\u00ebl van Vuuren. Huidige commissieleden: Marijke Timmer Dani\u00ebl Roelse Ralph Steijn Jenny Kok Jo\u00ebl van Vuuren De OnderwijsKwaliteitsCommissie (OKC) is de commissie binnen Heeren XVII die eens per periode vergadert en alle vakevaluaties eens goed bekijkt. Dit doen wij in samenwerking met de vakgroepvertegenwoordigers van Biobased Chemistry [&hellip;]<\/p>\n","protected":false},"author":1,"featured_media":4665,"parent":170,"menu_order":11,"comment_status":"closed","ping_status":"closed","template":"","meta":{"_monsterinsights_skip_tracking":false,"_monsterinsights_sitenote_active":false,"_monsterinsights_sitenote_note":"","_monsterinsights_sitenote_category":0,"footnotes":""},"class_list":["post-340","page","type-page","status-publish","has-post-thumbnail","hentry"],"aioseo_notices":[],"_links":{"self":[{"href":"https:\/\/heeren17.nl\/en\/wp-json\/wp\/v2\/pages\/340","targetHints":{"allow":["GET"]}}],"collection":[{"href":"https:\/\/heeren17.nl\/en\/wp-json\/wp\/v2\/pages"}],"about":[{"href":"https:\/\/heeren17.nl\/en\/wp-json\/wp\/v2\/types\/page"}],"author":[{"embeddable":true,"href":"https:\/\/heeren17.nl\/en\/wp-json\/wp\/v2\/users\/1"}],"replies":[{"embeddable":true,"href":"https:\/\/heeren17.nl\/en\/wp-json\/wp\/v2\/comments?post=340"}],"version-history":[{"count":32,"href":"https:\/\/heeren17.nl\/en\/wp-json\/wp\/v2\/pages\/340\/revisions"}],"predecessor-version":[{"id":5189,"href":"https:\/\/heeren17.nl\/en\/wp-json\/wp\/v2\/pages\/340\/revisions\/5189"}],"up":[{"embeddable":true,"href":"https:\/\/heeren17.nl\/en\/wp-json\/wp\/v2\/pages\/170"}],"wp:featuredmedia":[{"embeddable":true,"href":"https:\/\/heeren17.nl\/en\/wp-json\/wp\/v2\/media\/4665"}],"wp:attachment":[{"href":"https:\/\/heeren17.nl\/en\/wp-json\/wp\/v2\/media?parent=340"}],"curies":[{"name":"wp","href":"https:\/\/api.w.org\/{rel}","templated":true}]}}