{"id":191,"date":"2021-10-18T15:59:55","date_gmt":"2021-10-06T12:34:25","guid":{"rendered":"https:\/\/heeren17.nl\/?page_id=191"},"modified":"2025-07-29T20:54:44","modified_gmt":"2025-07-29T19:54:44","slug":"voor-bedrijven","status":"publish","type":"page","link":"https:\/\/heeren17.nl\/en\/voor-bedrijven\/","title":{"rendered":"For Companies"},"content":{"rendered":"<div data-elementor-type=\"wp-page\" data-elementor-id=\"191\" class=\"elementor elementor-191\" data-elementor-post-type=\"page\">\n\t\t\t\t\t\t<section class=\"elementor-section elementor-top-section elementor-element elementor-element-b4c2e9c elementor-section-boxed elementor-section-height-default elementor-section-height-default\" data-id=\"b4c2e9c\" data-element_type=\"section\" data-e-type=\"section\">\n\t\t\t\t\t\t<div class=\"elementor-container elementor-column-gap-default\">\n\t\t\t\t\t<div class=\"elementor-column elementor-col-100 elementor-top-column elementor-element elementor-element-d75e4fa\" data-id=\"d75e4fa\" data-element_type=\"column\" data-e-type=\"column\">\n\t\t\t<div class=\"elementor-widget-wrap elementor-element-populated\">\n\t\t\t\t\t\t<div class=\"elementor-element elementor-element-00ee16d elementor-widget elementor-widget-text-editor\" data-id=\"00ee16d\" data-element_type=\"widget\" data-e-type=\"widget\" data-widget_type=\"text-editor.default\">\n\t\t\t\t<div class=\"elementor-widget-container\">\n\t\t\t\t\t\t\t\t\t<div class=\"kop1 w3-container\"><p><span style=\"font-size: 16px;\">All students must complete at least one graduation subject and one internship of at least 16 weeks at the end of their studies. If your company has a graduation assignment or work placement available, please contact <\/span><a style=\"font-size: 16px;\" href=\"mailto: heeren.xvii@wur.nl\"><b>Heeren XVII<\/b><\/a><a style=\"font-size: 16px;\">.<\/a><\/p><\/div><div class=\"w3-container\"><div class=\"w3-wide\"><h6><b>Vacancy Mail<\/b><\/h6><\/div><p><a>Every month all students of Heeren XVII receive an e-mail in which different thesis, internship and vacancies are highlighted. Do you want to recruit more students for your company? Send your vacancies, internships and thesis to Heeren XVII. From experience we hear that the mail is viewed well every month and that it is appreciated that the assignments are focused on Biosystems engineers. Do you have such an assignment? Please contact us <\/a><a href=\"mailto: heeren.xvii@wur.nl\"><b>here<\/b><\/a><a> for the possibilities. <\/a><\/p><div class=\"w3-wide\"><h6><b>Resume book<\/b><\/h6><\/div><p><a>Heeren XVII produces a resume book every year. It contains the resumes of Biosystems Engineering students who recently graduated or are about to graduate. The resume book also contains a description of the study Biosystems Engineering, so it is clear which competences an biosystems engineer has after his study. This book is sent to companies working in our field. If your company does not receive a resume book yet, please contact Heeren XVII.<\/a><\/p><p>The resume book can be viewed online <a title=\"Vencomatic vacature\" href=\"https:\/\/heeren17.nl\/wp-content\/uploads\/2025\/07\/Final_CV_book.pdf\" target=\"_blank\" rel=\"noopener\"><b> here <\/b><\/a><a> .<\/a><\/p><div class=\"w3-wide\"><h6><b>Activities<\/b><\/h6><\/div><p>Throughout the year, Heeren XVII organizes numerous activities in which companies are involved. Theme evenings and excursions are two good examples. If your company is interested in participating, you can get in touch with\u00a0<a href=\"mailto:%20heeren.xvii@wur.nl\"><b>Heeren XVII<\/b><\/a><a>.<\/a><\/p><\/div>\t\t\t\t\t\t\t\t<\/div>\n\t\t\t\t<\/div>\n\t\t\t\t<div class=\"elementor-element elementor-element-83dcfce elementor-widget elementor-widget-spacer\" data-id=\"83dcfce\" data-element_type=\"widget\" data-e-type=\"widget\" data-widget_type=\"spacer.default\">\n\t\t\t\t<div class=\"elementor-widget-container\">\n\t\t\t\t\t\t\t<div class=\"elementor-spacer\">\n\t\t\t<div class=\"elementor-spacer-inner\"><\/div>\n\t\t<\/div>\n\t\t\t\t\t\t<\/div>\n\t\t\t\t<\/div>\n\t\t\t\t\t<\/div>\n\t\t<\/div>\n\t\t\t\t\t<\/div>\n\t\t<\/section>\n\t\t\t\t<\/div>","protected":false},"excerpt":{"rendered":"<p>Alle studenten moeten aan het einde van hun studie minimaal \u00e9\u00e9n afstudeervak en \u00e9\u00e9n stage van minimaal 16 weken doen. Als uw bedrijf een afstudeeropdracht of stageplek vrij heeft, kunt u contact opnemen met Heeren XVII. Vacature Mail Elke maand krijgen alle studenten van Heeren XVII een mail waarin verschillende thesis, stage en vacatures worden [&hellip;]<\/p>\n","protected":false},"author":1,"featured_media":0,"parent":0,"menu_order":11,"comment_status":"closed","ping_status":"closed","template":"","meta":{"_monsterinsights_skip_tracking":false,"_monsterinsights_sitenote_active":false,"_monsterinsights_sitenote_note":"","_monsterinsights_sitenote_category":0,"footnotes":""},"class_list":["post-191","page","type-page","status-publish","hentry"],"aioseo_notices":[],"_links":{"self":[{"href":"https:\/\/heeren17.nl\/en\/wp-json\/wp\/v2\/pages\/191","targetHints":{"allow":["GET"]}}],"collection":[{"href":"https:\/\/heeren17.nl\/en\/wp-json\/wp\/v2\/pages"}],"about":[{"href":"https:\/\/heeren17.nl\/en\/wp-json\/wp\/v2\/types\/page"}],"author":[{"embeddable":true,"href":"https:\/\/heeren17.nl\/en\/wp-json\/wp\/v2\/users\/1"}],"replies":[{"embeddable":true,"href":"https:\/\/heeren17.nl\/en\/wp-json\/wp\/v2\/comments?post=191"}],"version-history":[{"count":70,"href":"https:\/\/heeren17.nl\/en\/wp-json\/wp\/v2\/pages\/191\/revisions"}],"predecessor-version":[{"id":5025,"href":"https:\/\/heeren17.nl\/en\/wp-json\/wp\/v2\/pages\/191\/revisions\/5025"}],"wp:attachment":[{"href":"https:\/\/heeren17.nl\/en\/wp-json\/wp\/v2\/media?parent=191"}],"curies":[{"name":"wp","href":"https:\/\/api.w.org\/{rel}","templated":true}]}}